{"id":22276,"date":"2021-06-28T12:44:26","date_gmt":"2021-06-28T12:44:26","guid":{"rendered":"https:\/\/www.col-creation.com\/?page_id=22276"},"modified":"2021-06-30T07:34:59","modified_gmt":"2021-06-30T07:34:59","slug":"home-es","status":"publish","type":"page","link":"https:\/\/www.col-creation.com\/es\/","title":{"rendered":"Home ES"},"content":{"rendered":"<div class=\"wpb-content-wrapper\"><p>[vc_row row_type=\u00bbrow\u00bb use_row_as_full_screen_section=\u00bbno\u00bb type=\u00bbgrid\u00bb anchor=\u00bbproject\u00bb text_align=\u00bbleft\u00bb padding_top=\u00bb80&#8243; padding_bottom=\u00bb80&#8243; css_animation=\u00bb\u00bb][vc_column][vc_column_text]<\/p>\n<h6><span style=\"color: #8b8b8b;\">PROYECTO<\/span><\/h6>\n<p>[\/vc_column_text][vc_separator type=\u00bbtransparent\u00bb border_style=\u00bb\u00bb up=\u00bb20&#8243; down=\u00bb0&#8243;][vc_column_text]<\/p>\n<h2>COL-CREATION APRENDE, COMPARTE Y CREA PARA TU FUTURO \u00c9XITO<\/h2>\n<p>[\/vc_column_text][vc_separator type=\u00bbtransparent\u00bb border_style=\u00bb\u00bb up=\u00bb40&#8243; down=\u00bb0&#8243;][vc_column_text]<\/p>\n<h4>COL-CREATION se lanza con el objetivo principal de aumentar las competencias (actitudes, habilidades, conocimientos) de los profesionales de la industria creativa sobre c\u00f3mo desarrollar modelos de negocio exitosos basados en la colaboraci\u00f3n<\/h4>\n<p>[\/vc_column_text][\/vc_column][\/vc_row][vc_row row_type=\u00bbrow\u00bb use_row_as_full_screen_section=\u00bbno\u00bb type=\u00bbfull_width\u00bb text_align=\u00bbleft\u00bb background_color=\u00bb#f9f9f9&#8243; css_animation=\u00bb\u00bb][vc_column][vc_row_inner row_type=\u00bbrow\u00bb type=\u00bbgrid\u00bb use_row_as_full_screen_section_slide=\u00bbno\u00bb text_align=\u00bbleft\u00bb padding_top=\u00bb80&#8243; padding_bottom=\u00bb40&#8243; css_animation=\u00bb\u00bb][vc_column_inner width=\u00bb1\/2&#8243;][vc_column_text]<\/p>\n<h6>OBJETIVOS<\/h6>\n<p>[\/vc_column_text][vc_separator type=\u00bbtransparent\u00bb border_style=\u00bb\u00bb up=\u00bb5&#8243; down=\u00bb0&#8243;][vc_column_text]<\/p>\n<h5>El proyecto tiene los siguientes objetivos espec\u00edficos:<\/h5>\n<p>[\/vc_column_text][vc_separator type=\u00bbtransparent\u00bb border_style=\u00bb\u00bb up=\u00bb20&#8243; down=\u00bb0&#8243;][vc_column_text]<\/p>\n<ul>\n<li>Aumentar la <strong>cocreaci\u00f3n <\/strong>y mostrar el potencial de las <strong>plataformas <\/strong>innovadoras de <strong>la econom\u00eda colaborativa <\/strong>y la <strong>innovaci\u00f3n abierta <\/strong>como herramienta para impulsar estos modelos de colaboraci\u00f3n<\/li>\n<li>Promover el uso adecuado de estos Modelos y Plataformas como parte de un proyecto global y sostenible de <strong>Autoempleo y Emprendimiento<\/strong><\/li>\n<li>Centrarse en <strong>retos espec\u00edficos <\/strong>como las condiciones laborales, los derechos de propiedad y otros.<\/li>\n<\/ul>\n<p>[\/vc_column_text][\/vc_column_inner][vc_column_inner width=\u00bb1\/2&#8243;][vc_column_text]<\/p>\n<h6>RESULTADOS<\/h6>\n<p>[\/vc_column_text][vc_separator type=\u00bbtransparent\u00bb border_style=\u00bb\u00bb up=\u00bb5&#8243; down=\u00bb0&#8243;][vc_column_text]<\/p>\n<h5>Mediante la ejecuci\u00f3n de este proyecto se obtendr\u00e1n los siguientes resultados<\/h5>\n<p>[\/vc_column_text][vc_separator type=\u00bbtransparent\u00bb border_style=\u00bb\u00bb up=\u00bb20&#8243; down=\u00bb0&#8243;][vc_column_text]<\/p>\n<ul>\n<li>Materiales de formaci\u00f3n y actividades de formaci\u00f3n experiencial dirigidas a los profesionales de la industria creativa para facilitar el desarrollo de modelos de negocio exitosos basados en la colaboraci\u00f3n<\/li>\n<li>Desarrollo de una <strong>plataforma de formaci\u00f3n electr\u00f3nica<\/strong>, que incluya la <strong>sensibilizaci\u00f3n<\/strong>, los <strong>contenidos de formaci\u00f3n <\/strong>y las <strong>soluciones de TIC adaptadas <\/strong>para apoyar la aplicaci\u00f3n de los materiales de formaci\u00f3n y las actividades de formaci\u00f3n experiencial.<\/li>\n<\/ul>\n<p>[\/vc_column_text][\/vc_column_inner][\/vc_row_inner][vc_row_inner row_type=\u00bbrow\u00bb type=\u00bbgrid\u00bb use_row_as_full_screen_section_slide=\u00bbno\u00bb text_align=\u00bbleft\u00bb padding_top=\u00bb80&#8243; padding_bottom=\u00bb40&#8243; css_animation=\u00bb\u00bb css=\u00bb.vc_custom_1557843676717{padding-top: 50px !important;}\u00bb][vc_column_inner][vc_column_text]<\/p>\n<h4>La Metodolog\u00eda de Formaci\u00f3n ser\u00e1 validada con la participaci\u00f3n y colaboraci\u00f3n directa de Profesionales de la Industria Creativa en Espa\u00f1a, Bulgaria, Austria y Holanda<\/h4>\n<h4><span style=\"color: #389da8;\">\u201cCOL-CREATION\u201d<\/span> es un proyecto europeo financiado por el Programa ERASMUS+ ejecutado entre el 01\/11\/2018 y el 31\/10\/2020<\/h4>\n<p>[\/vc_column_text][vc_separator type=\u00bbtransparent\u00bb border_style=\u00bb\u00bb up=\u00bb40&#8243; down=\u00bb0&#8243;][\/vc_column_inner][\/vc_row_inner][\/vc_column][\/vc_row][vc_row row_type=\u00bbrow\u00bb use_row_as_full_screen_section=\u00bbno\u00bb type=\u00bbgrid\u00bb anchor=\u00bbpartners\u00bb text_align=\u00bbleft\u00bb padding_top=\u00bb85&#8243; css_animation=\u00bb\u00bb][vc_column][vc_column_text]<\/p>\n<h6><span style=\"color: #8b8b8b;\">PARTNERS<\/span><\/h6>\n<p>[\/vc_column_text][vc_separator type=\u00bbtransparent\u00bb border_style=\u00bb\u00bb up=\u00bb20&#8243; down=\u00bb0&#8243;][vc_column_text]<\/p>\n<h2>Socios<\/h2>\n<p>[\/vc_column_text][vc_separator type=\u00bbtransparent\u00bb border_style=\u00bb\u00bb up=\u00bb20&#8243; down=\u00bb0&#8243;][vc_row_inner row_type=\u00bbrow\u00bb type=\u00bbgrid\u00bb use_row_as_full_screen_section_slide=\u00bbno\u00bb text_align=\u00bbleft\u00bb padding_top=\u00bb70&#8243; padding_bottom=\u00bb50&#8243; css_animation=\u00bb\u00bb][vc_column_inner width=\u00bb1\/4&#8243;][vc_single_image image=\u00bb22034&#8243; img_size=\u00bbfull\u00bb qode_css_animation=\u00bb\u00bb][\/vc_column_inner][vc_column_inner width=\u00bb3\/4&#8243;][vc_column_text]<\/p>\n<h5>CAMARA OFICIAL DE COMERCIO INDUSTRIA, SERVICIOS Y NAVEGACION DE VALENCIA<\/h5>\n<p>[\/vc_column_text][vc_separator type=\u00bbtransparent\u00bb border_style=\u00bb\u00bb up=\u00bb5&#8243; down=\u00bb0&#8243;][vc_column_text]<\/p>\n<h6><a href=\"http:\/\/www.camaravalencia.com\" target=\"_blank\" rel=\"noopener noreferrer\">www.camaravalencia.com<\/a><\/h6>\n<p>[\/vc_column_text][vc_separator type=\u00bbtransparent\u00bb border_style=\u00bb\u00bb up=\u00bb20&#8243; down=\u00bb0&#8243;][vc_column_text]La C\u00e1mara de Valencia es una entidad p\u00fablica sin \u00e1nimo de lucro, creada por ley en 1886. Es un organismo p\u00fablico, de estructura y funcionamiento democr\u00e1tico, tutelado por el Gobierno Regional, y con personalidad jur\u00eddica propia y plena capacidad de obrar. Como entidad p\u00fablica, la C\u00e1mara representa actualmente a m\u00e1s de 170.500 empresas de la provincia de Valencia. 3.171 de esas empresas est\u00e1n adheridas m\u00e1s estrechamente a la C\u00e1mara, y forman parte del \u00abClub de C\u00e1mara Valencia\u00bb. El 99% de las empresas de la provincia de Valencia son pymes.<\/p>\n<p>C\u00e1mara Valencia est\u00e1 especializada en ofrecer una formaci\u00f3n de calidad, adaptada a las necesidades del entorno empresarial, mediante la utilizaci\u00f3n de recursos humanos y materiales innovadores, y en estrecha colaboraci\u00f3n con el tejido empresarial. Est\u00e1 especializada en la formaci\u00f3n de aut\u00f3nomos, empresarios, directivos y personal al servicio de las empresas, ofreciendo una variedad de cursos y seminarios para hacer m\u00e1s eficiente la gesti\u00f3n mejorando la calidad de los recursos humanos integrados en ella.[\/vc_column_text][\/vc_column_inner][\/vc_row_inner][vc_row_inner row_type=\u00bbrow\u00bb type=\u00bbgrid\u00bb use_row_as_full_screen_section_slide=\u00bbno\u00bb text_align=\u00bbleft\u00bb padding_top=\u00bb70&#8243; padding_bottom=\u00bb50&#8243; css_animation=\u00bb\u00bb][vc_column_inner width=\u00bb1\/4&#8243;][vc_single_image image=\u00bb22094&#8243; img_size=\u00bbfull\u00bb qode_css_animation=\u00bb\u00bb][\/vc_column_inner][vc_column_inner width=\u00bb3\/4&#8243;][vc_column_text]<\/p>\n<h5>FORBA. FORSCHUNGS- UND BERATUNGSSTELLE ARBEITSWELT<\/h5>\n<p>[\/vc_column_text][vc_separator type=\u00bbtransparent\u00bb border_style=\u00bb\u00bb up=\u00bb5&#8243; down=\u00bb0&#8243;][vc_column_text]<\/p>\n<h6><a href=\"http:\/\/www.forba.at\" target=\"_blank\" rel=\"noopener noreferrer\">www.forba.at<\/a><\/h6>\n<p>[\/vc_column_text][vc_separator type=\u00bbtransparent\u00bb border_style=\u00bb\u00bb up=\u00bb20&#8243; down=\u00bb0&#8243;][vc_column_text]FORBA es un instituto de investigaci\u00f3n independiente, creado en 1991 como una organizaci\u00f3n sin \u00e1nimo de lucro especializada en la investigaci\u00f3n de las ciencias sociales en el \u00e1mbito de la vida laboral y, en particular, en la econom\u00eda compartida. En la actualidad, 10 investigadores y 3 miembros del personal administrativo y de apoyo trabajan para el instituto a tiempo completo o parcial. Tanto en t\u00e9rminos de formaci\u00f3n como de experiencia laboral, el personal acad\u00e9mico abarca la sociolog\u00eda, la ciencia pol\u00edtica, la administraci\u00f3n de empresas, la inform\u00e1tica y la estad\u00edstica. En parte, los investigadores tambi\u00e9n imparten clases como profesores en diferentes universidades y escuelas superiores de Viena, Linz y Duisburgo (Alemania).[\/vc_column_text][\/vc_column_inner][\/vc_row_inner][vc_row_inner row_type=\u00bbrow\u00bb type=\u00bbgrid\u00bb use_row_as_full_screen_section_slide=\u00bbno\u00bb text_align=\u00bbleft\u00bb padding_top=\u00bb70&#8243; padding_bottom=\u00bb50&#8243; css_animation=\u00bb\u00bb][vc_column_inner width=\u00bb1\/4&#8243;][vc_single_image image=\u00bb22053&#8243; img_size=\u00bbfull\u00bb qode_css_animation=\u00bb\u00bb][\/vc_column_inner][vc_column_inner width=\u00bb3\/4&#8243;][vc_column_text]<\/p>\n<h5>RUSE CHAMBER OF COMMERCE AND INDUSTRY<\/h5>\n<p>[\/vc_column_text][vc_separator type=\u00bbtransparent\u00bb border_style=\u00bb\u00bb up=\u00bb5&#8243; down=\u00bb0&#8243;][vc_column_text]<\/p>\n<h6><a href=\"http:\/\/www.rcci.bg\" target=\"_blank\" rel=\"noopener noreferrer\">www.rcci.bg<\/a><\/h6>\n<p>[\/vc_column_text][vc_separator type=\u00bbtransparent\u00bb border_style=\u00bb\u00bb up=\u00bb20&#8243; down=\u00bb0&#8243;][vc_column_text]La C\u00e1mara de Comercio e Industria de Ruse (RCCI) es una ONG de utilidad p\u00fablica que ofrece una amplia gama de servicios de calidad a m\u00e1s de 1.000 empresas, tanto miembros como no miembros, para ayudarles a desarrollar y ampliar sus negocios, tanto a nivel nacional como internacional. Contribuye de forma proactiva al desarrollo econ\u00f3mico de la regi\u00f3n de Ruse, proporciona apoyo y representaci\u00f3n de las empresas y los empresarios a nivel regional y nacional (tambi\u00e9n a trav\u00e9s de la red nacional de c\u00e1maras de comercio e industria y de EBN).[\/vc_column_text][\/vc_column_inner][\/vc_row_inner][vc_row_inner row_type=\u00bbrow\u00bb type=\u00bbgrid\u00bb use_row_as_full_screen_section_slide=\u00bbno\u00bb text_align=\u00bbleft\u00bb padding_top=\u00bb70&#8243; padding_bottom=\u00bb50&#8243; css_animation=\u00bb\u00bb][vc_column_inner width=\u00bb1\/4&#8243;][vc_single_image image=\u00bb22054&#8243; img_size=\u00bbfull\u00bb qode_css_animation=\u00bb\u00bb][\/vc_column_inner][vc_column_inner width=\u00bb3\/4&#8243;][vc_column_text]<\/p>\n<h5>COORDINA ORGANIZACI\u00d3N DE EMPRESAS Y RECURSOS HUMANOS, S.L.<\/h5>\n<p>[\/vc_column_text][vc_separator type=\u00bbtransparent\u00bb border_style=\u00bb\u00bb up=\u00bb5&#8243; down=\u00bb0&#8243;][vc_column_text]<\/p>\n<h6><a href=\"http:\/\/www.coordina-oerh.com\" target=\"_blank\" rel=\"noopener noreferrer\">www.coordina-oerh.com<\/a><\/h6>\n<p>[\/vc_column_text][vc_separator type=\u00bbtransparent\u00bb border_style=\u00bb\u00bb up=\u00bb20&#8243; down=\u00bb0&#8243;][vc_column_text]COORDINA es una empresa de consultor\u00eda estrat\u00e9gica que opera en las siguientes \u00e1reas de negocio: Innovaci\u00f3n Social, Estrategia y Sistemas de Gesti\u00f3n, Innovaci\u00f3n Empresarial, Responsabilidad Social Corporativa, Recursos Humanos y Formaci\u00f3n. El equipo de Consultores y Formadores de COORDINA tiene formaci\u00f3n y experiencia en las \u00e1reas se\u00f1aladas, habiendo desarrollado un elevado n\u00famero de proyectos en dichas \u00e1reas[\/vc_column_text][\/vc_column_inner][\/vc_row_inner][vc_row_inner row_type=\u00bbrow\u00bb type=\u00bbgrid\u00bb use_row_as_full_screen_section_slide=\u00bbno\u00bb text_align=\u00bbleft\u00bb padding_top=\u00bb70&#8243; padding_bottom=\u00bb50&#8243; css_animation=\u00bb\u00bb][vc_column_inner width=\u00bb1\/4&#8243;][vc_single_image image=\u00bb22051&#8243; img_size=\u00bbfull\u00bb qode_css_animation=\u00bb\u00bb][\/vc_column_inner][vc_column_inner width=\u00bb3\/4&#8243;][vc_column_text]<\/p>\n<h5>KVGO DIENSTENCENTRUM<\/h5>\n<p>[\/vc_column_text][vc_separator type=\u00bbtransparent\u00bb border_style=\u00bb\u00bb up=\u00bb5&#8243; down=\u00bb0&#8243;][vc_column_text]<\/p>\n<h6><a href=\"http:\/\/www.dienstencentrum.com\" target=\"_blank\" rel=\"noopener noreferrer\">www.dienstencentrum.com<\/a><\/h6>\n<p>[\/vc_column_text][vc_separator type=\u00bbtransparent\u00bb border_style=\u00bb\u00bb up=\u00bb20&#8243; down=\u00bb0&#8243;][vc_column_text]DIENSTENCENTRUM es una consultor\u00eda centrada en la industria de los medios gr\u00e1ficos. Como consultora de este sector y de los institutos de ense\u00f1anza del mismo, DIENSTENCENTRUM analiza las tendencias y los modelos de negocio en la cocreaci\u00f3n, desarrolla nuevos conceptos de negocio y m\u00e9todos de trabajo, y apoya a m\u00e1s de 600 empresas en la implantaci\u00f3n de procesos de producci\u00f3n. Dado que estas empresas son cada vez m\u00e1s digitales y est\u00e1n ampliando sus servicios con las TIC, el dise\u00f1o y el marketing, DIENSTENCENTRUM tiene una gran experiencia y conocimiento de la transici\u00f3n que deben realizar estas empresas.<\/p>\n<p>Adem\u00e1s de apoyar a las empresas de medios gr\u00e1ficos, DIENSTENCENTRUM tambi\u00e9n apoya a las empresas de TIC y crea plataformas de software para las empresas y el sector. DIENSTENCENTRUM tambi\u00e9n cuenta con una s\u00f3lida red con organizaciones educativas y de otro tipo que promueven la creatividad y el desarrollo de las personas que trabajan en la industria creativa. DIENSTENCENTRUM tambi\u00e9n ha sido proveedor en proyectos relacionados con la industria creativa de la belleza.[\/vc_column_text][\/vc_column_inner][\/vc_row_inner][vc_row_inner row_type=\u00bbrow\u00bb type=\u00bbgrid\u00bb use_row_as_full_screen_section_slide=\u00bbno\u00bb text_align=\u00bbleft\u00bb padding_top=\u00bb70&#8243; padding_bottom=\u00bb50&#8243; css_animation=\u00bb\u00bb][vc_column_inner width=\u00bb1\/4&#8243;][vc_single_image image=\u00bb22055&#8243; img_size=\u00bbfull\u00bb qode_css_animation=\u00bb\u00bb][\/vc_column_inner][vc_column_inner width=\u00bb3\/4&#8243;][vc_column_text]<\/p>\n<h5>STICHTING STIVAKO<\/h5>\n<p>[\/vc_column_text][vc_separator type=\u00bbtransparent\u00bb border_style=\u00bb\u00bb up=\u00bb5&#8243; down=\u00bb0&#8243;][vc_column_text]<\/p>\n<h6><a href=\"http:\/\/www.stivako.nl\" target=\"_blank\" rel=\"noopener noreferrer\">www.stivako.nl<\/a><\/h6>\n<p>[\/vc_column_text][vc_separator type=\u00bbtransparent\u00bb border_style=\u00bb\u00bb up=\u00bb20&#8243; down=\u00bb0&#8243;][vc_column_text]STIVAKO es, desde 1941, el instituto de formaci\u00f3n profesional para la gesti\u00f3n, el marketing y el liderazgo en los medios de comunicaci\u00f3n impresos y las industrias creativas en los Pa\u00edses Bajos. STIVAKO ofrece formaci\u00f3n en gesti\u00f3n, educaci\u00f3n empresarial, marketing y ventas y desarrollo personal. STIVAKO se centra en aquellos que ya est\u00e1n trabajando en una empresa y quieren desarrollarse dentro de ella a un personal o miembro de la direcci\u00f3n dentro de una empresa.<\/p>\n<p>STIVAKO cuenta con muchos a\u00f1os de experiencia en el desarrollo de materiales did\u00e1cticos para entornos de aprendizaje tanto en empresas como en institutos de formaci\u00f3n profesional activos en la industria creativa. STIVAKO ha participado en varios proyectos europeos, nacionales y regionales, tanto como participante como coordinador de proyectos.[\/vc_column_text][\/vc_column_inner][\/vc_row_inner][\/vc_column][\/vc_row][vc_row row_type=\u00bbrow\u00bb use_row_as_full_screen_section=\u00bbno\u00bb type=\u00bbfull_width\u00bb anchor=\u00bbtraining\u00bb text_align=\u00bbleft\u00bb background_color=\u00bb#f9f9f9&#8243; css_animation=\u00bb\u00bb][vc_column][vc_row_inner row_type=\u00bbrow\u00bb type=\u00bbgrid\u00bb use_row_as_full_screen_section_slide=\u00bbno\u00bb text_align=\u00bbleft\u00bb padding_top=\u00bb80&#8243; padding_bottom=\u00bb40&#8243; css_animation=\u00bb\u00bb][vc_column_inner][vc_column_text]<\/p>\n<h6><span style=\"color: #8b8b8b;\">TRAINING MATERIALS<\/span><\/h6>\n<p>[\/vc_column_text][vc_separator type=\u00bbtransparent\u00bb border_style=\u00bb\u00bb up=\u00bb20&#8243; down=\u00bb0&#8243;][vc_column_text]<\/p>\n<h2>Training materials<\/h2>\n<p>[\/vc_column_text][\/vc_column_inner][\/vc_row_inner][\/vc_column][\/vc_row][vc_row row_type=\u00bbrow\u00bb use_row_as_full_screen_section=\u00bbno\u00bb type=\u00bbgrid\u00bb anchor=\u00bbnews\u00bb text_align=\u00bbleft\u00bb padding_top=\u00bb80&#8243; padding_bottom=\u00bb80&#8243; css_animation=\u00bb\u00bb][vc_column][vc_column_text]<\/p>\n<h6><span style=\"color: #8b8b8b;\">NOTICIAS<\/span><\/h6>\n<p>[\/vc_column_text][vc_separator type=\u00bbtransparent\u00bb border_style=\u00bb\u00bb up=\u00bb20&#8243; down=\u00bb0&#8243;][vc_column_text]<\/p>\n<h2>\u00daltimas noticias<\/h2>\n<p>[\/vc_column_text][vc_separator type=\u00bbtransparent\u00bb border_style=\u00bb\u00bb up=\u00bb40&#8243; down=\u00bb0&#8243;]<div class='latest_post_holder boxes three_columns one_row'><ul><li class=\"clearfix\"><div class=\"boxes_image\"><a href=\"https:\/\/www.col-creation.com\/es\/2019\/07\/10\/el-proyecto-col-creation-avanza-en-el-diseno-del-programa-de-formacion-que-potenciara-la-colaboracion-en-la-industria-creativa\/\"><img loading=\"lazy\" decoding=\"async\" width=\"550\" height=\"498\" src=\"https:\/\/www.col-creation.com\/wp-content\/uploads\/2019\/07\/PICTURE-PR2-550x498.jpg\" class=\"attachment-portfolio-default size-portfolio-default wp-post-image\" alt=\"\" srcset=\"https:\/\/www.col-creation.com\/wp-content\/uploads\/2019\/07\/PICTURE-PR2-550x498.jpg 550w, https:\/\/www.col-creation.com\/wp-content\/uploads\/2019\/07\/PICTURE-PR2-480x434.jpg 480w, https:\/\/www.col-creation.com\/wp-content\/uploads\/2019\/07\/PICTURE-PR2-125x112.jpg 125w\" sizes=\"auto, (max-width: 550px) 100vw, 550px\" \/><span class=\"latest_post_overlay\"><i class=\"icon_plus\" aria-hidden=\"true\"><\/i><\/span><\/a><\/div><div class=\"latest_post\" ><div class=\"latest_post_text\"><span class=\"date_holder post_info_section\"><span class=\"date\">10 de julio de 2019<\/span><\/span><h4 class=\"latest_post_title \"><a href=\"https:\/\/www.col-creation.com\/es\/2019\/07\/10\/el-proyecto-col-creation-avanza-en-el-diseno-del-programa-de-formacion-que-potenciara-la-colaboracion-en-la-industria-creativa\/\">EL PROYECTO COL-CREATION AVANZA EN EL DISE\u00d1O DEL PROGRAMA DE FORMACI\u00d3N QUE POTENCIAR\u00c1 LA COLABORACI\u00d3N EN LA INDUSTRIA CREATIVA<\/a><\/h4><p class=\"excerpt\">\u201cCOL-CREATION\u201d se lanza con el objetivo principal de aumentar las competencias de los profesionales de la industria creativa sobre c\u00f3mo desarrollar modelos de negocios basados en la colaboraci\u00f3n con el apoyo de herramientas y estrategias tales como la co-creaci\u00f3n o la econom\u00eda colaborativa. El Consorcio...<\/p><\/div><\/div><\/li><li class=\"clearfix\"><div class=\"boxes_image\"><a href=\"https:\/\/www.col-creation.com\/es\/2019\/05\/15\/el-proyecto-col-creation-potenciara-laco-creacion-en-la-industria-creativa\/\"><img loading=\"lazy\" decoding=\"async\" width=\"550\" height=\"411\" src=\"https:\/\/www.col-creation.com\/wp-content\/uploads\/2019\/05\/COL-LAB_meeting1-A-550x411.png\" class=\"attachment-portfolio-default size-portfolio-default wp-post-image\" alt=\"\" \/><span class=\"latest_post_overlay\"><i class=\"icon_plus\" aria-hidden=\"true\"><\/i><\/span><\/a><\/div><div class=\"latest_post\" ><div class=\"latest_post_text\"><span class=\"date_holder post_info_section\"><span class=\"date\">15 de mayo de 2019<\/span><\/span><h4 class=\"latest_post_title \"><a href=\"https:\/\/www.col-creation.com\/es\/2019\/05\/15\/el-proyecto-col-creation-potenciara-laco-creacion-en-la-industria-creativa\/\">EL PROYECTO COL-CREATION POTENCIAR\u00c1 LA CO-CREACI\u00d3N EN LA INDUSTRIA CREATIVA<\/a><\/h4><p class=\"excerpt\">COL-CREATION se lanza con el objetivo principal de aumentar las competencias de los profesionales de la industria creativa sobre c\u00f3mo explotar la econom\u00eda colaborativa para desarrollar modelos de negocio basados en la co-creaci\u00f3n y la colaboraci\u00f3n. El proyecto tiene los siguientes objetivos espec\u00edficos: Impulsar la...<\/p><\/div><\/div><\/li><\/ul><\/div>[\/vc_column][\/vc_row]<\/p>\n<\/div>","protected":false},"excerpt":{"rendered":"<p>[vc_row row_type=\u00bbrow\u00bb use_row_as_full_screen_section=\u00bbno\u00bb type=\u00bbgrid\u00bb anchor=\u00bbproject\u00bb text_align=\u00bbleft\u00bb padding_top=\u00bb80&#8243; padding_bottom=\u00bb80&#8243; css_animation=\u00bb\u00bb][vc_column][vc_column_text] PROYECTO [\/vc_column_text][vc_separator type=\u00bbtransparent\u00bb border_style=\u00bb\u00bb up=\u00bb20&#8243; down=\u00bb0&#8243;][vc_column_text] COL-CREATION APRENDE, COMPARTE Y CREA PARA TU FUTURO \u00c9XITO [\/vc_column_text][vc_separator type=\u00bbtransparent\u00bb border_style=\u00bb\u00bb up=\u00bb40&#8243; down=\u00bb0&#8243;][vc_column_text] COL-CREATION se lanza con el objetivo principal de aumentar las competencias (actitudes, habilidades, conocimientos) de los<\/p>\n","protected":false},"author":1,"featured_media":0,"parent":0,"menu_order":0,"comment_status":"open","ping_status":"closed","template":"full_width.php","meta":{"footnotes":""},"class_list":["post-22276","page","type-page","status-publish","hentry"],"_links":{"self":[{"href":"https:\/\/www.col-creation.com\/es\/wp-json\/wp\/v2\/pages\/22276","targetHints":{"allow":["GET"]}}],"collection":[{"href":"https:\/\/www.col-creation.com\/es\/wp-json\/wp\/v2\/pages"}],"about":[{"href":"https:\/\/www.col-creation.com\/es\/wp-json\/wp\/v2\/types\/page"}],"author":[{"embeddable":true,"href":"https:\/\/www.col-creation.com\/es\/wp-json\/wp\/v2\/users\/1"}],"replies":[{"embeddable":true,"href":"https:\/\/www.col-creation.com\/es\/wp-json\/wp\/v2\/comments?post=22276"}],"version-history":[{"count":4,"href":"https:\/\/www.col-creation.com\/es\/wp-json\/wp\/v2\/pages\/22276\/revisions"}],"predecessor-version":[{"id":22411,"href":"https:\/\/www.col-creation.com\/es\/wp-json\/wp\/v2\/pages\/22276\/revisions\/22411"}],"wp:attachment":[{"href":"https:\/\/www.col-creation.com\/es\/wp-json\/wp\/v2\/media?parent=22276"}],"curies":[{"name":"wp","href":"https:\/\/api.w.org\/{rel}","templated":true}]}}